{"id":9958,"date":"2024-09-24T13:57:56","date_gmt":"2024-09-24T13:57:56","guid":{"rendered":"https:\/\/juliusmobiliario.pt\/?page_id=9958"},"modified":"2024-09-24T13:58:52","modified_gmt":"2024-09-24T13:58:52","slug":"termos-e-condicoes","status":"publish","type":"page","link":"https:\/\/juliusmobiliario.pt\/en\/termos-e-condicoes\/","title":{"rendered":"Termos e Condi\u00e7\u00f5es"},"content":{"rendered":"<div data-elementor-type=\"wp-page\" data-elementor-id=\"9958\" class=\"elementor elementor-9958\">\n\t\t\t\t        <section class=\"elementor-section elementor-top-section elementor-element elementor-element-25e6ff4 elementor-section-boxed elementor-section-height-default elementor-section-height-default pxl-row-scroll-none pxl-show-grid-none pxl-section-bg-none pxl-section-grid-bg-false\" data-id=\"25e6ff4\" data-element_type=\"section\">\n\n                \n                <div class=\"elementor-container elementor-column-gap-default\">\n                <div class=\"elementor-column elementor-col-100 elementor-top-column elementor-element elementor-element-46aa51c pxl-column-none\" data-id=\"46aa51c\" data-element_type=\"column\">\r\n        <div class=\"elementor-widget-wrap elementor-element-populated\">\r\n                     \r\n        \t\t<div class=\"elementor-element elementor-element-e24596c elementor-widget elementor-widget-pxl_heading\" data-id=\"e24596c\" data-element_type=\"widget\" data-widget_type=\"pxl_heading.default\">\n\t\t\t\t<div class=\"elementor-widget-container\">\n\t\t\t<div class=\"pxl-heading\">\n\t<div class=\"pxl-heading--inner\">\n\t\t\t\t<h2 class=\"pxl-item--title style1 divider-none\" data-wow-delay=\"ms\" data-wow-duration=\"1.2s\">\n\t\t\tTermos e Condi\u00e7\u00f5es\t\t\t\t\t<\/h2>\n\t<\/div>\n<\/div>\n\t\t<\/div>\n\t\t\t\t<\/div>\n\t\t\t\t<div class=\"elementor-element elementor-element-f935896 elementor-widget elementor-widget-pxl_text_editor\" data-id=\"f935896\" data-element_type=\"widget\" data-widget_type=\"pxl_text_editor.default\">\n\t\t\t\t<div class=\"elementor-widget-container\">\n\t\t\t<div class=\"pxl-text-editor\" data-wow-delay=\"ms\" data-wow-duration=\"1.2s\">\n\t<div class=\"pxl-item--inner\">\n\t\t<p class=\"p1\"><b>1. Introdu\u00e7\u00e3o<\/b><\/p><p class=\"p1\">Bem-vindo ao site juliusmobiliario.com. Ao utilizar este site, est\u00e1 a concordar com os seguintes Termos e Condi\u00e7\u00f5es. Se n\u00e3o concordar com algum destes termos, deve interromper a utiliza\u00e7\u00e3o do nosso site imediatamente.<\/p><p>\u00a0<\/p><p class=\"p1\"><b>2. Defini\u00e7\u00f5es<\/b><\/p><p class=\"p3\">\u2022 <b>Empresa<\/b>: Refere-se a <b>Julius Mobili\u00e1rio<\/b>, o propriet\u00e1rio deste site.<\/p><p class=\"p3\">\u2022 <b>Utilizador<\/b>: Qualquer pessoa que aceda ao site.<\/p><p class=\"p3\">\u2022 <b>Produtos<\/b>: Itens de mobili\u00e1rio e servi\u00e7os oferecidos no site.<\/p><p>\u00a0<\/p><p class=\"p1\"><b>3. Utiliza\u00e7\u00e3o do Site<\/b><\/p><p class=\"p3\">\u2022 Ao usar o site juliusmobiliario.com, concorda em n\u00e3o violar leis ou regulamentos locais, nacionais ou internacionais.<\/p><p class=\"p3\">\u2022 O utilizador \u00e9 respons\u00e1vel por manter a confidencialidade das informa\u00e7\u00f5es da sua conta e por todas as atividades que ocorrem sob sua conta.<\/p><p class=\"p3\">\u2022 O conte\u00fado do site (texto, imagens, logotipos, etc.) pertence \u00e0 Julius Mobili\u00e1rio\u00a0e n\u00e3o pode ser reproduzido sem consentimento pr\u00e9vio.<\/p><p>\u00a0<\/p><p class=\"p1\"><b>4. Produtos e Servi\u00e7os<\/b><\/p><p class=\"p3\">\u2022 <b>Disponibilidade<\/b>: Todos os produtos e servi\u00e7os est\u00e3o sujeitos a disponibilidade. Reservamo-nos o direito de descontinuar ou alterar produtos sem aviso pr\u00e9vio.<\/p><p class=\"p3\">\u2022 <b>Pre\u00e7os<\/b>: Todos os pre\u00e7os indicados no site podem sofrer altera\u00e7\u00f5es sem aviso pr\u00e9vio.<\/p><p>\u00a0<\/p><p class=\"p1\"><b>5. Propriedade Intelectual<\/b><\/p><p class=\"p1\">Todos os conte\u00fados (textos, imagens, v\u00eddeos, log\u00f3tipos, etc.) apresentados neste site s\u00e3o propriedade da <b>Julius Mobili\u00e1rio<\/b>\u00a0ou dos seus licenciadores. N\u00e3o \u00e9 permitido copiar, reproduzir, distribuir, modificar ou exibir qualquer conte\u00fado sem autoriza\u00e7\u00e3o expressa.<\/p><p>\u00a0<\/p><p class=\"p1\"><b>6. Limita\u00e7\u00e3o de Responsabilidade<\/b><\/p><p class=\"p3\">\u2022 A Julius Mobili\u00e1rio n\u00e3o ser\u00e1 respons\u00e1vel por quaisquer danos diretos, indiretos, acidentais ou consequentes resultantes da utiliza\u00e7\u00e3o ou impossibilidade de utiliza\u00e7\u00e3o dos produtos e servi\u00e7os do site.<\/p><p class=\"p3\">\u2022 N\u00e3o garantimos que o site estar\u00e1 dispon\u00edvel ininterruptamente ou livre de erros.<\/p><p>\u00a0<\/p><p class=\"p1\"><b>7. Altera\u00e7\u00f5es aos Termos e Condi\u00e7\u00f5es<\/b><\/p><p class=\"p1\">Reservamo-nos o direito de alterar estes Termos e Condi\u00e7\u00f5es a qualquer momento, sem aviso pr\u00e9vio. Quaisquer altera\u00e7\u00f5es ser\u00e3o publicadas nesta p\u00e1gina. Recomendamos que consulte esta p\u00e1gina regularmente para se manter atualizado.<\/p><p>\u00a0<\/p><p class=\"p1\"><b>8. Lei Aplic\u00e1vel<\/b><\/p><p class=\"p1\">Estes Termos e Condi\u00e7\u00f5es s\u00e3o regidos pelas leis de <b>Portugal<\/b>. Qualquer disputa ser\u00e1 resolvida nos tribunais competentes desse pa\u00eds.<\/p><p>\u00a0<\/p><p class=\"p1\"><b>9. Contacto<\/b><\/p><p class=\"p1\">Para quest\u00f5es relativas a estes Termos e Condi\u00e7\u00f5es, por favor, entre em contacto connosco atrav\u00e9s de <b>geral@juliusmobiliario.com<\/b><\/p>\t<\/div>\n<\/div>\n\t\t<\/div>\n\t\t\t\t<\/div>\n\t\t            <\/div>\r\n        <\/div>\r\n        \t\t\t<\/div>\n\t\t<\/section>\n\t\t\t\t<\/div>","protected":false},"excerpt":{"rendered":"<p>Termos e Condi\u00e7\u00f5es 1. Introdu\u00e7\u00e3o Bem-vindo ao site juliusmobiliario.com. Ao utilizar este site, est\u00e1 a concordar com os seguintes Termos e Condi\u00e7\u00f5es. Se n\u00e3o concordar com algum destes termos, deve interromper a utiliza\u00e7\u00e3o do nosso site imediatamente. \u00a0 2. Defini\u00e7\u00f5es \u2022 Empresa: Refere-se a Julius Mobili\u00e1rio, o propriet\u00e1rio deste site. \u2022 Utilizador: Qualquer pessoa que [&hellip;]<\/p>","protected":false},"author":1,"featured_media":0,"parent":0,"menu_order":0,"comment_status":"closed","ping_status":"closed","template":"","meta":{"footnotes":""},"class_list":["post-9958","page","type-page","status-publish","hentry"],"yoast_head":"<!-- This site is optimized with the Yoast SEO Premium plugin v17.1 (Yoast SEO v16.9) - https:\/\/yoast.com\/wordpress\/plugins\/seo\/ -->\n<title>Termos e Condi\u00e7\u00f5es - Julius Mobili\u00e1rio<\/title>\n<meta name=\"robots\" content=\"index, follow, max-snippet:-1, max-image-preview:large, max-video-preview:-1\" \/>\n<link rel=\"canonical\" href=\"https:\/\/juliusmobiliario.pt\/en\/termos-e-condicoes\/\" \/>\n<meta property=\"og:locale\" content=\"en_US\" \/>\n<meta property=\"og:type\" content=\"article\" \/>\n<meta property=\"og:title\" content=\"Termos e Condi\u00e7\u00f5es\" \/>\n<meta property=\"og:description\" content=\"Termos e Condi\u00e7\u00f5es 1. Introdu\u00e7\u00e3o Bem-vindo ao site juliusmobiliario.com. Ao utilizar este site, est\u00e1 a concordar com os seguintes Termos e Condi\u00e7\u00f5es. Se n\u00e3o concordar com algum destes termos, deve interromper a utiliza\u00e7\u00e3o do nosso site imediatamente. \u00a0 2. Defini\u00e7\u00f5es \u2022 Empresa: Refere-se a Julius Mobili\u00e1rio, o propriet\u00e1rio deste site. \u2022 Utilizador: Qualquer pessoa que [&hellip;]\" \/>\n<meta property=\"og:url\" content=\"https:\/\/juliusmobiliario.pt\/en\/termos-e-condicoes\/\" \/>\n<meta property=\"og:site_name\" content=\"Julius Mobili\u00e1rio\" \/>\n<meta property=\"article:modified_time\" content=\"2024-09-24T13:58:52+00:00\" \/>\n<meta name=\"twitter:card\" content=\"summary_large_image\" \/>\n<meta name=\"twitter:label1\" content=\"Est. reading time\" \/>\n\t<meta name=\"twitter:data1\" content=\"2 minutes\" \/>\n<script type=\"application\/ld+json\" class=\"yoast-schema-graph\">{\"@context\":\"https:\/\/schema.org\",\"@graph\":[{\"@type\":\"Organization\",\"@id\":\"https:\/\/juliusmobiliario.pt\/#organization\",\"name\":\"Julius Mobili\\u00e1rio\",\"url\":\"https:\/\/juliusmobiliario.pt\/\",\"sameAs\":[],\"logo\":{\"@type\":\"ImageObject\",\"@id\":\"https:\/\/juliusmobiliario.pt\/#logo\",\"inLanguage\":\"en-US\",\"url\":\"https:\/\/juliusmobiliario.pt\/wp-content\/uploads\/2024\/08\/logo-2.png\",\"contentUrl\":\"https:\/\/juliusmobiliario.pt\/wp-content\/uploads\/2024\/08\/logo-2.png\",\"width\":2254,\"height\":620,\"caption\":\"Julius Mobili\\u00e1rio\"},\"image\":{\"@id\":\"https:\/\/juliusmobiliario.pt\/#logo\"}},{\"@type\":\"WebSite\",\"@id\":\"https:\/\/juliusmobiliario.pt\/#website\",\"url\":\"https:\/\/juliusmobiliario.pt\/\",\"name\":\"Julius Mobili\\u00e1rio\",\"description\":\"\",\"publisher\":{\"@id\":\"https:\/\/juliusmobiliario.pt\/#organization\"},\"potentialAction\":[{\"@type\":\"SearchAction\",\"target\":{\"@type\":\"EntryPoint\",\"urlTemplate\":\"https:\/\/juliusmobiliario.pt\/?s={search_term_string}\"},\"query-input\":\"required name=search_term_string\"}],\"inLanguage\":\"en-US\"},{\"@type\":\"WebPage\",\"@id\":\"https:\/\/juliusmobiliario.pt\/en\/termos-e-condicoes\/#webpage\",\"url\":\"https:\/\/juliusmobiliario.pt\/en\/termos-e-condicoes\/\",\"name\":\"Termos e Condi\\u00e7\\u00f5es - Julius Mobili\\u00e1rio\",\"isPartOf\":{\"@id\":\"https:\/\/juliusmobiliario.pt\/#website\"},\"datePublished\":\"2024-09-24T13:57:56+00:00\",\"dateModified\":\"2024-09-24T13:58:52+00:00\",\"breadcrumb\":{\"@id\":\"https:\/\/juliusmobiliario.pt\/en\/termos-e-condicoes\/#breadcrumb\"},\"inLanguage\":\"en-US\",\"potentialAction\":[{\"@type\":\"ReadAction\",\"target\":[\"https:\/\/juliusmobiliario.pt\/en\/termos-e-condicoes\/\"]}]},{\"@type\":\"BreadcrumbList\",\"@id\":\"https:\/\/juliusmobiliario.pt\/en\/termos-e-condicoes\/#breadcrumb\",\"itemListElement\":[{\"@type\":\"ListItem\",\"position\":1,\"name\":\"Home\",\"item\":\"https:\/\/juliusmobiliario.pt\/en\/\"},{\"@type\":\"ListItem\",\"position\":2,\"name\":\"Termos e Condi\\u00e7\\u00f5es\"}]}]}<\/script>\n<!-- \/ Yoast SEO Premium plugin. -->","yoast_head_json":{"title":"Termos e Condi\u00e7\u00f5es - Julius Mobili\u00e1rio","robots":{"index":"index","follow":"follow","max-snippet":"max-snippet:-1","max-image-preview":"max-image-preview:large","max-video-preview":"max-video-preview:-1"},"canonical":"https:\/\/juliusmobiliario.pt\/en\/termos-e-condicoes\/","og_locale":"en_US","og_type":"article","og_title":"Termos e Condi\u00e7\u00f5es","og_description":"Termos e Condi\u00e7\u00f5es 1. Introdu\u00e7\u00e3o Bem-vindo ao site juliusmobiliario.com. Ao utilizar este site, est\u00e1 a concordar com os seguintes Termos e Condi\u00e7\u00f5es. Se n\u00e3o concordar com algum destes termos, deve interromper a utiliza\u00e7\u00e3o do nosso site imediatamente. \u00a0 2. Defini\u00e7\u00f5es \u2022 Empresa: Refere-se a Julius Mobili\u00e1rio, o propriet\u00e1rio deste site. \u2022 Utilizador: Qualquer pessoa que [&hellip;]","og_url":"https:\/\/juliusmobiliario.pt\/en\/termos-e-condicoes\/","og_site_name":"Julius Mobili\u00e1rio","article_modified_time":"2024-09-24T13:58:52+00:00","twitter_card":"summary_large_image","twitter_misc":{"Est. reading time":"2 minutes"},"schema":{"@context":"https:\/\/schema.org","@graph":[{"@type":"Organization","@id":"https:\/\/juliusmobiliario.pt\/#organization","name":"Julius Mobili\u00e1rio","url":"https:\/\/juliusmobiliario.pt\/","sameAs":[],"logo":{"@type":"ImageObject","@id":"https:\/\/juliusmobiliario.pt\/#logo","inLanguage":"en-US","url":"https:\/\/juliusmobiliario.pt\/wp-content\/uploads\/2024\/08\/logo-2.png","contentUrl":"https:\/\/juliusmobiliario.pt\/wp-content\/uploads\/2024\/08\/logo-2.png","width":2254,"height":620,"caption":"Julius Mobili\u00e1rio"},"image":{"@id":"https:\/\/juliusmobiliario.pt\/#logo"}},{"@type":"WebSite","@id":"https:\/\/juliusmobiliario.pt\/#website","url":"https:\/\/juliusmobiliario.pt\/","name":"Julius Mobili\u00e1rio","description":"","publisher":{"@id":"https:\/\/juliusmobiliario.pt\/#organization"},"potentialAction":[{"@type":"SearchAction","target":{"@type":"EntryPoint","urlTemplate":"https:\/\/juliusmobiliario.pt\/?s={search_term_string}"},"query-input":"required name=search_term_string"}],"inLanguage":"en-US"},{"@type":"WebPage","@id":"https:\/\/juliusmobiliario.pt\/en\/termos-e-condicoes\/#webpage","url":"https:\/\/juliusmobiliario.pt\/en\/termos-e-condicoes\/","name":"Termos e Condi\u00e7\u00f5es - Julius Mobili\u00e1rio","isPartOf":{"@id":"https:\/\/juliusmobiliario.pt\/#website"},"datePublished":"2024-09-24T13:57:56+00:00","dateModified":"2024-09-24T13:58:52+00:00","breadcrumb":{"@id":"https:\/\/juliusmobiliario.pt\/en\/termos-e-condicoes\/#breadcrumb"},"inLanguage":"en-US","potentialAction":[{"@type":"ReadAction","target":["https:\/\/juliusmobiliario.pt\/en\/termos-e-condicoes\/"]}]},{"@type":"BreadcrumbList","@id":"https:\/\/juliusmobiliario.pt\/en\/termos-e-condicoes\/#breadcrumb","itemListElement":[{"@type":"ListItem","position":1,"name":"Home","item":"https:\/\/juliusmobiliario.pt\/en\/"},{"@type":"ListItem","position":2,"name":"Termos e Condi\u00e7\u00f5es"}]}]}},"_links":{"self":[{"href":"https:\/\/juliusmobiliario.pt\/en\/wp-json\/wp\/v2\/pages\/9958","targetHints":{"allow":["GET"]}}],"collection":[{"href":"https:\/\/juliusmobiliario.pt\/en\/wp-json\/wp\/v2\/pages"}],"about":[{"href":"https:\/\/juliusmobiliario.pt\/en\/wp-json\/wp\/v2\/types\/page"}],"author":[{"embeddable":true,"href":"https:\/\/juliusmobiliario.pt\/en\/wp-json\/wp\/v2\/users\/1"}],"replies":[{"embeddable":true,"href":"https:\/\/juliusmobiliario.pt\/en\/wp-json\/wp\/v2\/comments?post=9958"}],"version-history":[{"count":0,"href":"https:\/\/juliusmobiliario.pt\/en\/wp-json\/wp\/v2\/pages\/9958\/revisions"}],"wp:attachment":[{"href":"https:\/\/juliusmobiliario.pt\/en\/wp-json\/wp\/v2\/media?parent=9958"}],"curies":[{"name":"wp","href":"https:\/\/api.w.org\/{rel}","templated":true}]}}